{"id":8011,"date":"2021-07-15T12:44:19","date_gmt":"2021-07-15T12:44:19","guid":{"rendered":"https:\/\/www.giga-logistics.de\/entrepreneur-application\/"},"modified":"2025-10-22T15:38:33","modified_gmt":"2025-10-22T15:38:33","slug":"entrepreneur-application","status":"publish","type":"page","link":"https:\/\/www.giga-logistics.de\/en\/entrepreneur-application\/","title":{"rendered":"Entrepreneur application"},"content":{"rendered":"\t\t<div data-elementor-type=\"wp-page\" data-elementor-id=\"8011\" class=\"elementor elementor-8011 elementor-5741\" data-elementor-post-type=\"page\">\n\t\t\t\t<div class=\"elementor-element elementor-element-36d2af10 e-flex e-con-boxed e-con e-parent\" data-id=\"36d2af10\" data-element_type=\"container\" data-settings=\"{&quot;background_background&quot;:&quot;classic&quot;}\">\n\t\t\t\t\t<div class=\"e-con-inner\">\n\t\t<div class=\"elementor-element elementor-element-3f6c5b4e e-con-full e-flex e-con e-child\" data-id=\"3f6c5b4e\" data-element_type=\"container\">\n\t\t\t\t<div class=\"elementor-element elementor-element-2e53f9d6 slide-down-in  elementor-widget__width-initial elementor-widget elementor-widget-heading\" data-id=\"2e53f9d6\" data-element_type=\"widget\" data-widget_type=\"heading.default\">\n\t\t\t\t<div class=\"elementor-widget-container\">\n\t\t\t\t\t<h1 class=\"elementor-heading-title elementor-size-default\">Entrepreneur application\n<\/h1>\t\t\t\t<\/div>\n\t\t\t\t<\/div>\n\t\t\t\t<div class=\"elementor-element elementor-element-51f90790 elementor-widget-tablet__width-initial elementor-widget__width-initial elementor-invisible elementor-widget elementor-widget-heading\" data-id=\"51f90790\" data-element_type=\"widget\" data-settings=\"{&quot;_animation&quot;:&quot;fadeInUp&quot;}\" data-widget_type=\"heading.default\">\n\t\t\t\t<div class=\"elementor-widget-container\">\n\t\t\t\t\t<p class=\"elementor-heading-title elementor-size-default\">Become part of our family. We are constantly looking for trustworthy partner companies. \n\n<\/p>\t\t\t\t<\/div>\n\t\t\t\t<\/div>\n\t\t\t\t<\/div>\n\t\t\t\t\t<\/div>\n\t\t\t\t<\/div>\n\t\t<div class=\"elementor-element elementor-element-151eafbd e-flex e-con-boxed e-con e-parent\" data-id=\"151eafbd\" data-element_type=\"container\" data-settings=\"{&quot;background_background&quot;:&quot;classic&quot;}\">\n\t\t\t\t\t<div class=\"e-con-inner\">\n\t\t<div class=\"elementor-element elementor-element-1500d156 e-con-full e-flex e-con e-child\" data-id=\"1500d156\" data-element_type=\"container\" data-settings=\"{&quot;background_background&quot;:&quot;classic&quot;}\">\n\t\t\t\t<div class=\"elementor-element elementor-element-55e3f462 fracht_form elementor-button-align-start elementor-mobile-button-align-stretch elementor-widget elementor-widget-form\" data-id=\"55e3f462\" data-element_type=\"widget\" data-settings=\"{&quot;step_next_label&quot;:&quot;next&quot;,&quot;step_previous_label&quot;:&quot;Previous&quot;,&quot;button_width&quot;:&quot;100&quot;,&quot;step_type&quot;:&quot;number_text&quot;,&quot;step_icon_shape&quot;:&quot;circle&quot;}\" data-widget_type=\"form.default\">\n\t\t\t\t<div class=\"elementor-widget-container\">\n\t\t\t\t\t\t\t<form class=\"elementor-form\" method=\"post\" name=\"New form\" aria-label=\"New form\">\n\t\t\t<input type=\"hidden\" name=\"post_id\" value=\"8011\"\/>\n\t\t\t<input type=\"hidden\" name=\"form_id\" value=\"55e3f462\"\/>\n\t\t\t<input type=\"hidden\" name=\"referer_title\" value=\"GIGA Logistics GmbH\" \/>\n\n\t\t\t\n\t\t\t<div class=\"elementor-form-fields-wrapper elementor-labels-above\">\n\t\t\t\t\t\t\t\t<div class=\"elementor-field-type-html elementor-field-group elementor-column elementor-field-group-field_ad4f203 elementor-col-100\">\n\t\t\t\t\tEntrepreneur application\n\t\t\t\t<\/div>\n\t\t\t\t\t\t\t\t<div class=\"elementor-field-type-text elementor-field-group elementor-column elementor-field-group-firma elementor-col-50 elementor-field-required\">\n\t\t\t\t\t\t\t\t\t\t\t\t<label for=\"form-field-firma\" class=\"elementor-field-label\">\n\t\t\t\t\t\t\t\tCompany name\t\t\t\t\t\t\t<\/label>\n\t\t\t\t\t\t\t\t\t\t\t\t\t\t<input size=\"1\" type=\"text\" name=\"form_fields[firma]\" id=\"form-field-firma\" class=\"elementor-field elementor-size-md  elementor-field-textual\" placeholder=\"Company name\" required=\"required\">\n\t\t\t\t\t\t\t\t\t\t\t<\/div>\n\t\t\t\t\t\t\t\t<div class=\"elementor-field-type-select elementor-field-group elementor-column elementor-field-group-verpackung elementor-col-50\">\n\t\t\t\t\t\t\t\t\t\t\t\t<label for=\"form-field-verpackung\" class=\"elementor-field-label\">\n\t\t\t\t\t\t\t\tchoose*\t\t\t\t\t\t\t<\/label>\n\t\t\t\t\t\t\t\t<div class=\"elementor-field elementor-select-wrapper remove-before \">\n\t\t\t<div class=\"select-caret-down-wrapper\">\n\t\t\t\t<svg aria-hidden=\"true\" class=\"e-font-icon-svg e-eicon-caret-down\" viewBox=\"0 0 571.4 571.4\" xmlns=\"http:\/\/www.w3.org\/2000\/svg\"><path d=\"M571 393Q571 407 561 418L311 668Q300 679 286 679T261 668L11 418Q0 407 0 393T11 368 36 357H536Q550 357 561 368T571 393Z\"><\/path><\/svg>\t\t\t<\/div>\n\t\t\t<select name=\"form_fields[verpackung]\" id=\"form-field-verpackung\" class=\"elementor-field-textual elementor-size-md\">\n\t\t\t\t\t\t\t\t\t<option value=\"Sole proprietorship\">Sole proprietorship<\/option>\n\t\t\t\t\t\t\t\t\t<option value=\"GbR\">GbR<\/option>\n\t\t\t\t\t\t\t\t\t<option value=\"e.K.\">e.K.<\/option>\n\t\t\t\t\t\t\t\t\t<option value=\"OHG\">OHG<\/option>\n\t\t\t\t\t\t\t\t\t<option value=\"KG\">KG<\/option>\n\t\t\t\t\t\t\t\t\t<option value=\"GmbH\">GmbH<\/option>\n\t\t\t\t\t\t\t\t\t<option value=\"AG\">AG<\/option>\n\t\t\t\t\t\t\t\t\t<option value=\"GmbH &amp; Co KG\">GmbH &amp; Co KG<\/option>\n\t\t\t\t\t\t\t<\/select>\n\t\t<\/div>\n\t\t\t\t\t\t<\/div>\n\t\t\t\t\t\t\t\t<div class=\"elementor-field-type-text elementor-field-group elementor-column elementor-field-group-field_c7b93a2 elementor-col-100 elementor-field-required\">\n\t\t\t\t\t\t\t\t\t\t\t\t<label for=\"form-field-field_c7b93a2\" class=\"elementor-field-label\">\n\t\t\t\t\t\t\t\tStreet + No.*\t\t\t\t\t\t\t<\/label>\n\t\t\t\t\t\t\t\t\t\t\t\t\t\t<input size=\"1\" type=\"text\" name=\"form_fields[field_c7b93a2]\" id=\"form-field-field_c7b93a2\" class=\"elementor-field elementor-size-md  elementor-field-textual\" required=\"required\">\n\t\t\t\t\t\t\t\t\t\t\t<\/div>\n\t\t\t\t\t\t\t\t<div class=\"elementor-field-type-number elementor-field-group elementor-column elementor-field-group-field_347191e elementor-col-50 elementor-field-required\">\n\t\t\t\t\t\t\t\t\t\t\t\t<label for=\"form-field-field_347191e\" class=\"elementor-field-label\">\n\t\t\t\t\t\t\t\tZIP\t\t\t\t\t\t\t<\/label>\n\t\t\t\t\t\t\t\t\t<input type=\"number\" name=\"form_fields[field_347191e]\" id=\"form-field-field_347191e\" class=\"elementor-field elementor-size-md  elementor-field-textual\" required=\"required\" min=\"\" max=\"\" >\n\t\t\t\t\t\t<\/div>\n\t\t\t\t\t\t\t\t<div class=\"elementor-field-type-text elementor-field-group elementor-column elementor-field-group-field_129261f elementor-col-50 elementor-field-required\">\n\t\t\t\t\t\t\t\t\t\t\t\t<label for=\"form-field-field_129261f\" class=\"elementor-field-label\">\n\t\t\t\t\t\t\t\tLocation*\t\t\t\t\t\t\t<\/label>\n\t\t\t\t\t\t\t\t\t\t\t\t\t\t<input size=\"1\" type=\"text\" name=\"form_fields[field_129261f]\" id=\"form-field-field_129261f\" class=\"elementor-field elementor-size-md  elementor-field-textual\" required=\"required\">\n\t\t\t\t\t\t\t\t\t\t\t<\/div>\n\t\t\t\t\t\t\t\t<div class=\"elementor-field-type-text elementor-field-group elementor-column elementor-field-group-field_fd99883 elementor-col-100 elementor-field-required\">\n\t\t\t\t\t\t\t\t\t\t\t\t<label for=\"form-field-field_fd99883\" class=\"elementor-field-label\">\n\t\t\t\t\t\t\t\tContact person\t\t\t\t\t\t\t<\/label>\n\t\t\t\t\t\t\t\t\t\t\t\t\t\t<input size=\"1\" type=\"text\" name=\"form_fields[field_fd99883]\" id=\"form-field-field_fd99883\" class=\"elementor-field elementor-size-md  elementor-field-textual\" required=\"required\">\n\t\t\t\t\t\t\t\t\t\t\t<\/div>\n\t\t\t\t\t\t\t\t<div class=\"elementor-field-type-tel elementor-field-group elementor-column elementor-field-group-phone_number elementor-col-50 elementor-field-required\">\n\t\t\t\t\t\t\t\t\t\t\t\t<label for=\"form-field-phone_number\" class=\"elementor-field-label\">\n\t\t\t\t\t\t\t\tPhone\t\t\t\t\t\t\t<\/label>\n\t\t\t\t\t\t\t\t<input size=\"1\" type=\"tel\" name=\"form_fields[phone_number]\" id=\"form-field-phone_number\" class=\"elementor-field elementor-size-md  elementor-field-textual\" placeholder=\"Insert your number\" required=\"required\" pattern=\"[0-9()#&amp;+*-=.]+\" title=\"Only numbers and phone characters (#, -, *, etc) are accepted.\">\n\n\t\t\t\t\t\t<\/div>\n\t\t\t\t\t\t\t\t<div class=\"elementor-field-type-email elementor-field-group elementor-column elementor-field-group-email elementor-col-50 elementor-field-required\">\n\t\t\t\t\t\t\t\t\t\t\t\t<label for=\"form-field-email\" class=\"elementor-field-label\">\n\t\t\t\t\t\t\t\tE-Mail\t\t\t\t\t\t\t<\/label>\n\t\t\t\t\t\t\t\t\t\t\t\t\t\t<input size=\"1\" type=\"email\" name=\"form_fields[email]\" id=\"form-field-email\" class=\"elementor-field elementor-size-md  elementor-field-textual\" required=\"required\">\n\t\t\t\t\t\t\t\t\t\t\t<\/div>\n\t\t\t\t\t\t\t\t<div class=\"elementor-field-type-text elementor-field-group elementor-column elementor-field-group-field_d39fb9d elementor-col-50 elementor-field-required\">\n\t\t\t\t\t\t\t\t\t\t\t\t<label for=\"form-field-field_d39fb9d\" class=\"elementor-field-label\">\n\t\t\t\t\t\t\t\tVAT ID No.:*\t\t\t\t\t\t\t<\/label>\n\t\t\t\t\t\t\t\t\t\t\t\t\t\t<input size=\"1\" type=\"text\" name=\"form_fields[field_d39fb9d]\" id=\"form-field-field_d39fb9d\" class=\"elementor-field elementor-size-md  elementor-field-textual\" required=\"required\">\n\t\t\t\t\t\t\t\t\t\t\t<\/div>\n\t\t\t\t\t\t\t\t<div class=\"elementor-field-type-text elementor-field-group elementor-column elementor-field-group-field_1aeef38 elementor-col-50 elementor-field-required\">\n\t\t\t\t\t\t\t\t\t\t\t\t<label for=\"form-field-field_1aeef38\" class=\"elementor-field-label\">\n\t\t\t\t\t\t\t\tCommercial Register No.:*\t\t\t\t\t\t\t<\/label>\n\t\t\t\t\t\t\t\t\t\t\t\t\t\t<input size=\"1\" type=\"text\" name=\"form_fields[field_1aeef38]\" id=\"form-field-field_1aeef38\" class=\"elementor-field elementor-size-md  elementor-field-textual\" required=\"required\">\n\t\t\t\t\t\t\t\t\t\t\t<\/div>\n\t\t\t\t\t\t\t\t<div class=\"elementor-field-group elementor-column elementor-field-type-submit elementor-col-100 e-form__buttons\">\n\t\t\t\t\t<button class=\"elementor-button elementor-size-sm\" type=\"submit\" id=\"my-hover-btn\">\n\t\t\t\t\t\t<span class=\"elementor-button-content-wrapper\">\n\t\t\t\t\t\t\t\t\t\t\t\t\t\t\t\t\t\t\t\t\t\t<span class=\"elementor-button-text\">SEND NOW<\/span>\n\t\t\t\t\t\t\t\t\t\t\t\t\t<\/span>\n\t\t\t\t\t<\/button>\n\t\t\t\t<\/div>\n\t\t\t<\/div>\n\t\t<\/form>\n\t\t\t\t\t\t<\/div>\n\t\t\t\t<\/div>\n\t\t\t\t<\/div>\n\t\t\t\t\t<\/div>\n\t\t\t\t<\/div>\n\t\t\t\t<\/div>\n\t\t","protected":false},"excerpt":{"rendered":"<p>Entrepreneur application Become part of our family. We are constantly looking for trustworthy partner companies.<\/p>\n","protected":false},"author":4,"featured_media":0,"parent":0,"menu_order":0,"comment_status":"closed","ping_status":"closed","template":"elementor_header_footer","meta":{"footnotes":""},"class_list":["post-8011","page","type-page","status-publish","hentry"],"yoast_head":"<!-- This site is optimized with the Yoast SEO plugin v27.4 - https:\/\/yoast.com\/product\/yoast-seo-wordpress\/ -->\n<title>Entrepreneur application - GIGA Logistics GmbH<\/title>\n<meta name=\"description\" content=\"Weltweit | Zuverl\u00e4ssig | Startbereit - Stuttgart. Europaweiter Spezialist aus Kornwestheim - Ludwigsburg f\u00fcr zeitsensible Transporte. Bremen - Berlin - M\u00fcnchen\" \/>\n<meta name=\"robots\" content=\"index, follow, max-snippet:-1, max-image-preview:large, max-video-preview:-1\" \/>\n<link rel=\"canonical\" href=\"https:\/\/www.giga-logistics.de\/en\/entrepreneur-application\/\" \/>\n<meta property=\"og:locale\" content=\"en_US\" \/>\n<meta property=\"og:type\" content=\"article\" \/>\n<meta property=\"og:title\" content=\"Entrepreneur application - GIGA Logistics GmbH\" \/>\n<meta property=\"og:description\" content=\"Weltweit | Zuverl\u00e4ssig | Startbereit - Stuttgart. Europaweiter Spezialist aus Kornwestheim - Ludwigsburg f\u00fcr zeitsensible Transporte. Bremen - Berlin - M\u00fcnchen\" \/>\n<meta property=\"og:url\" content=\"https:\/\/www.giga-logistics.de\/en\/entrepreneur-application\/\" \/>\n<meta property=\"og:site_name\" content=\"GIGA Logistics GmbH\" \/>\n<meta property=\"article:publisher\" content=\"https:\/\/www.facebook.com\/GIGALogistics\/\" \/>\n<meta property=\"article:modified_time\" content=\"2025-10-22T15:38:33+00:00\" \/>\n<meta property=\"og:image\" content=\"https:\/\/www.giga-logistics.de\/wp-content\/uploads\/social-snippet-giga-logistics.jpg\" \/>\n\t<meta property=\"og:image:width\" content=\"1200\" \/>\n\t<meta property=\"og:image:height\" content=\"768\" \/>\n\t<meta property=\"og:image:type\" content=\"image\/jpeg\" \/>\n<meta name=\"twitter:card\" content=\"summary_large_image\" \/>\n<script type=\"application\/ld+json\" class=\"yoast-schema-graph\">{\"@context\":\"https:\\\/\\\/schema.org\",\"@graph\":[{\"@type\":\"WebPage\",\"@id\":\"https:\\\/\\\/www.giga-logistics.de\\\/en\\\/entrepreneur-application\\\/\",\"url\":\"https:\\\/\\\/www.giga-logistics.de\\\/en\\\/entrepreneur-application\\\/\",\"name\":\"Entrepreneur application - GIGA Logistics GmbH\",\"isPartOf\":{\"@id\":\"https:\\\/\\\/www.giga-logistics.de\\\/en\\\/#website\"},\"datePublished\":\"2021-07-15T12:44:19+00:00\",\"dateModified\":\"2025-10-22T15:38:33+00:00\",\"description\":\"Weltweit | Zuverl\u00e4ssig | Startbereit - Stuttgart. Europaweiter Spezialist aus Kornwestheim - Ludwigsburg f\u00fcr zeitsensible Transporte. Bremen - Berlin - M\u00fcnchen\",\"breadcrumb\":{\"@id\":\"https:\\\/\\\/www.giga-logistics.de\\\/en\\\/entrepreneur-application\\\/#breadcrumb\"},\"inLanguage\":\"en-US\",\"potentialAction\":[{\"@type\":\"ReadAction\",\"target\":[\"https:\\\/\\\/www.giga-logistics.de\\\/en\\\/entrepreneur-application\\\/\"]}]},{\"@type\":\"BreadcrumbList\",\"@id\":\"https:\\\/\\\/www.giga-logistics.de\\\/en\\\/entrepreneur-application\\\/#breadcrumb\",\"itemListElement\":[{\"@type\":\"ListItem\",\"position\":1,\"name\":\"Home\",\"item\":\"https:\\\/\\\/www.giga-logistics.de\\\/en\\\/\"},{\"@type\":\"ListItem\",\"position\":2,\"name\":\"Entrepreneur application\"}]},{\"@type\":\"WebSite\",\"@id\":\"https:\\\/\\\/www.giga-logistics.de\\\/en\\\/#website\",\"url\":\"https:\\\/\\\/www.giga-logistics.de\\\/en\\\/\",\"name\":\"GIGA Logistics GmbH\",\"description\":\"Weltweit | Zuverl\u00e4ssig | Startbereit\",\"publisher\":{\"@id\":\"https:\\\/\\\/www.giga-logistics.de\\\/en\\\/#organization\"},\"potentialAction\":[{\"@type\":\"SearchAction\",\"target\":{\"@type\":\"EntryPoint\",\"urlTemplate\":\"https:\\\/\\\/www.giga-logistics.de\\\/en\\\/?s={search_term_string}\"},\"query-input\":{\"@type\":\"PropertyValueSpecification\",\"valueRequired\":true,\"valueName\":\"search_term_string\"}}],\"inLanguage\":\"en-US\"},{\"@type\":\"Organization\",\"@id\":\"https:\\\/\\\/www.giga-logistics.de\\\/en\\\/#organization\",\"name\":\"GIGA Logistics GmbH\",\"url\":\"https:\\\/\\\/www.giga-logistics.de\\\/en\\\/\",\"logo\":{\"@type\":\"ImageObject\",\"inLanguage\":\"en-US\",\"@id\":\"https:\\\/\\\/www.giga-logistics.de\\\/en\\\/#\\\/schema\\\/logo\\\/image\\\/\",\"url\":\"https:\\\/\\\/www.giga-logistics.de\\\/wp-content\\\/uploads\\\/2020\\\/01\\\/Logo_neu_schwarz-01.png\",\"contentUrl\":\"https:\\\/\\\/www.giga-logistics.de\\\/wp-content\\\/uploads\\\/2020\\\/01\\\/Logo_neu_schwarz-01.png\",\"width\":4975,\"height\":1003,\"caption\":\"GIGA Logistics GmbH\"},\"image\":{\"@id\":\"https:\\\/\\\/www.giga-logistics.de\\\/en\\\/#\\\/schema\\\/logo\\\/image\\\/\"},\"sameAs\":[\"https:\\\/\\\/www.facebook.com\\\/GIGALogistics\\\/\",\"https:\\\/\\\/www.instagram.com\\\/gigalogistics\\\/\"]}]}<\/script>\n<!-- \/ Yoast SEO plugin. -->","yoast_head_json":{"title":"Entrepreneur application - GIGA Logistics GmbH","description":"Weltweit | Zuverl\u00e4ssig | Startbereit - Stuttgart. Europaweiter Spezialist aus Kornwestheim - Ludwigsburg f\u00fcr zeitsensible Transporte. Bremen - Berlin - M\u00fcnchen","robots":{"index":"index","follow":"follow","max-snippet":"max-snippet:-1","max-image-preview":"max-image-preview:large","max-video-preview":"max-video-preview:-1"},"canonical":"https:\/\/www.giga-logistics.de\/en\/entrepreneur-application\/","og_locale":"en_US","og_type":"article","og_title":"Entrepreneur application - GIGA Logistics GmbH","og_description":"Weltweit | Zuverl\u00e4ssig | Startbereit - Stuttgart. Europaweiter Spezialist aus Kornwestheim - Ludwigsburg f\u00fcr zeitsensible Transporte. Bremen - Berlin - M\u00fcnchen","og_url":"https:\/\/www.giga-logistics.de\/en\/entrepreneur-application\/","og_site_name":"GIGA Logistics GmbH","article_publisher":"https:\/\/www.facebook.com\/GIGALogistics\/","article_modified_time":"2025-10-22T15:38:33+00:00","og_image":[{"width":1200,"height":768,"url":"https:\/\/www.giga-logistics.de\/wp-content\/uploads\/social-snippet-giga-logistics.jpg","type":"image\/jpeg"}],"twitter_card":"summary_large_image","schema":{"@context":"https:\/\/schema.org","@graph":[{"@type":"WebPage","@id":"https:\/\/www.giga-logistics.de\/en\/entrepreneur-application\/","url":"https:\/\/www.giga-logistics.de\/en\/entrepreneur-application\/","name":"Entrepreneur application - GIGA Logistics GmbH","isPartOf":{"@id":"https:\/\/www.giga-logistics.de\/en\/#website"},"datePublished":"2021-07-15T12:44:19+00:00","dateModified":"2025-10-22T15:38:33+00:00","description":"Weltweit | Zuverl\u00e4ssig | Startbereit - Stuttgart. Europaweiter Spezialist aus Kornwestheim - Ludwigsburg f\u00fcr zeitsensible Transporte. Bremen - Berlin - M\u00fcnchen","breadcrumb":{"@id":"https:\/\/www.giga-logistics.de\/en\/entrepreneur-application\/#breadcrumb"},"inLanguage":"en-US","potentialAction":[{"@type":"ReadAction","target":["https:\/\/www.giga-logistics.de\/en\/entrepreneur-application\/"]}]},{"@type":"BreadcrumbList","@id":"https:\/\/www.giga-logistics.de\/en\/entrepreneur-application\/#breadcrumb","itemListElement":[{"@type":"ListItem","position":1,"name":"Home","item":"https:\/\/www.giga-logistics.de\/en\/"},{"@type":"ListItem","position":2,"name":"Entrepreneur application"}]},{"@type":"WebSite","@id":"https:\/\/www.giga-logistics.de\/en\/#website","url":"https:\/\/www.giga-logistics.de\/en\/","name":"GIGA Logistics GmbH","description":"Weltweit | Zuverl\u00e4ssig | Startbereit","publisher":{"@id":"https:\/\/www.giga-logistics.de\/en\/#organization"},"potentialAction":[{"@type":"SearchAction","target":{"@type":"EntryPoint","urlTemplate":"https:\/\/www.giga-logistics.de\/en\/?s={search_term_string}"},"query-input":{"@type":"PropertyValueSpecification","valueRequired":true,"valueName":"search_term_string"}}],"inLanguage":"en-US"},{"@type":"Organization","@id":"https:\/\/www.giga-logistics.de\/en\/#organization","name":"GIGA Logistics GmbH","url":"https:\/\/www.giga-logistics.de\/en\/","logo":{"@type":"ImageObject","inLanguage":"en-US","@id":"https:\/\/www.giga-logistics.de\/en\/#\/schema\/logo\/image\/","url":"https:\/\/www.giga-logistics.de\/wp-content\/uploads\/2020\/01\/Logo_neu_schwarz-01.png","contentUrl":"https:\/\/www.giga-logistics.de\/wp-content\/uploads\/2020\/01\/Logo_neu_schwarz-01.png","width":4975,"height":1003,"caption":"GIGA Logistics GmbH"},"image":{"@id":"https:\/\/www.giga-logistics.de\/en\/#\/schema\/logo\/image\/"},"sameAs":["https:\/\/www.facebook.com\/GIGALogistics\/","https:\/\/www.instagram.com\/gigalogistics\/"]}]}},"_links":{"self":[{"href":"https:\/\/www.giga-logistics.de\/en\/wp-json\/wp\/v2\/pages\/8011","targetHints":{"allow":["GET"]}}],"collection":[{"href":"https:\/\/www.giga-logistics.de\/en\/wp-json\/wp\/v2\/pages"}],"about":[{"href":"https:\/\/www.giga-logistics.de\/en\/wp-json\/wp\/v2\/types\/page"}],"author":[{"embeddable":true,"href":"https:\/\/www.giga-logistics.de\/en\/wp-json\/wp\/v2\/users\/4"}],"replies":[{"embeddable":true,"href":"https:\/\/www.giga-logistics.de\/en\/wp-json\/wp\/v2\/comments?post=8011"}],"version-history":[{"count":1,"href":"https:\/\/www.giga-logistics.de\/en\/wp-json\/wp\/v2\/pages\/8011\/revisions"}],"predecessor-version":[{"id":8012,"href":"https:\/\/www.giga-logistics.de\/en\/wp-json\/wp\/v2\/pages\/8011\/revisions\/8012"}],"wp:attachment":[{"href":"https:\/\/www.giga-logistics.de\/en\/wp-json\/wp\/v2\/media?parent=8011"}],"curies":[{"name":"wp","href":"https:\/\/api.w.org\/{rel}","templated":true}]}}