{"id":7934,"date":"2021-07-09T10:48:35","date_gmt":"2021-07-09T10:48:35","guid":{"rendered":"https:\/\/www.giga-logistics.de\/philosophy\/"},"modified":"2025-10-21T10:41:38","modified_gmt":"2025-10-21T10:41:38","slug":"philosophy","status":"publish","type":"page","link":"https:\/\/www.giga-logistics.de\/en\/philosophy\/","title":{"rendered":"Philosophy"},"content":{"rendered":"\t\t<div data-elementor-type=\"wp-page\" data-elementor-id=\"7934\" class=\"elementor elementor-7934 elementor-5440\" data-elementor-post-type=\"page\">\n\t\t\t\t<div class=\"elementor-element elementor-element-dbf0f9f e-flex e-con-boxed e-con e-parent\" data-id=\"dbf0f9f\" data-element_type=\"container\" data-settings=\"{&quot;background_background&quot;:&quot;classic&quot;}\">\n\t\t\t\t\t<div class=\"e-con-inner\">\n\t\t<div class=\"elementor-element elementor-element-11976f51 e-con-full e-flex e-con e-child\" data-id=\"11976f51\" data-element_type=\"container\">\n\t\t\t\t<div class=\"elementor-element elementor-element-29c3a62b slide-down-in  elementor-widget__width-initial elementor-widget elementor-widget-heading\" data-id=\"29c3a62b\" data-element_type=\"widget\" data-widget_type=\"heading.default\">\n\t\t\t\t<div class=\"elementor-widget-container\">\n\t\t\t\t\t<h1 class=\"elementor-heading-title elementor-size-default\">Philosophy<\/h1>\t\t\t\t<\/div>\n\t\t\t\t<\/div>\n\t\t\t\t<div class=\"elementor-element elementor-element-266fa451 elementor-widget-tablet__width-initial elementor-widget__width-initial elementor-invisible elementor-widget elementor-widget-heading\" data-id=\"266fa451\" data-element_type=\"widget\" data-settings=\"{&quot;_animation&quot;:&quot;fadeInUp&quot;}\" data-widget_type=\"heading.default\">\n\t\t\t\t<div class=\"elementor-widget-container\">\n\t\t\t\t\t<p class=\"elementor-heading-title elementor-size-default\">Since 2007, GIGA Logistics GmbH has positioned itself as a \u201cfull-service provider\u201d for time-critical transport. From letters to full tractor-trailer loads, your shipment is delivered promptly, efficiently, and safely to the desired destination using our own fleet.<br> <\/p>\t\t\t\t<\/div>\n\t\t\t\t<\/div>\n\t\t\t\t<\/div>\n\t\t\t\t\t<\/div>\n\t\t\t\t<\/div>\n\t\t<div class=\"elementor-element elementor-element-4fd0bfc9 e-flex e-con-boxed e-con e-parent\" data-id=\"4fd0bfc9\" data-element_type=\"container\" data-settings=\"{&quot;background_background&quot;:&quot;classic&quot;}\">\n\t\t\t\t\t<div class=\"e-con-inner\">\n\t\t<div class=\"elementor-element elementor-element-4e6c09c6 e-con-full e-flex e-con e-child\" data-id=\"4e6c09c6\" data-element_type=\"container\">\n\t\t\t\t<div class=\"elementor-element elementor-element-511ff800 elementor-widget__width-initial dm-heading elementor-widget elementor-widget-heading\" data-id=\"511ff800\" data-element_type=\"widget\" data-widget_type=\"heading.default\">\n\t\t\t\t<div class=\"elementor-widget-container\">\n\t\t\t\t\t<h2 class=\"elementor-heading-title elementor-size-default\">Focus on Personal Service &amp; Reliability<\/h2>\t\t\t\t<\/div>\n\t\t\t\t<\/div>\n\t\t\t\t<div class=\"elementor-element elementor-element-34615ce elementor-widget-divider--view-line elementor-widget elementor-widget-divider\" data-id=\"34615ce\" data-element_type=\"widget\" data-widget_type=\"divider.default\">\n\t\t\t\t<div class=\"elementor-widget-container\">\n\t\t\t\t\t\t\t<div class=\"elementor-divider\">\n\t\t\t<span class=\"elementor-divider-separator\">\n\t\t\t\t\t\t<\/span>\n\t\t<\/div>\n\t\t\t\t\t\t<\/div>\n\t\t\t\t<\/div>\n\t\t\t\t<div class=\"elementor-element elementor-element-4089eddc elementor-widget-mobile__width-inherit elementor-widget__width-initial elementor-widget elementor-widget-text-editor\" data-id=\"4089eddc\" data-element_type=\"widget\" data-widget_type=\"text-editor.default\">\n\t\t\t\t<div class=\"elementor-widget-container\">\n\t\t\t\t\t\t\t\t\t<p>As a medium-sized, owner-managed company, we adapt flexibly to the needs and expectations of our customers. We are small enough to avoid anonymous decision-making processes yet large enough to handle even your most demanding challenges. We provide first-class, reliable service. By systematically expanding our services, we are now able to manage the entire logistics chain \u2014 from procurement to overseas transport.<br>    <\/p><p>Since 2012, we have also operated a warehouse to meet additional logistics and handling requirements. If you are seeking a reliable logistics partner, you have come to the right place.<br> <\/p><p><strong>With us, you receive personalized advice and support 7 days a week, around the clock.<br><\/strong><\/p>\t\t\t\t\t\t\t\t<\/div>\n\t\t\t\t<\/div>\n\t\t\t\t<\/div>\n\t\t<div class=\"elementor-element elementor-element-45a62b57 e-con-full e-flex e-con e-child\" data-id=\"45a62b57\" data-element_type=\"container\">\n\t\t\t\t<div class=\"elementor-element elementor-element-1955b9dc reveal elementor-widget elementor-widget-image\" data-id=\"1955b9dc\" data-element_type=\"widget\" data-widget_type=\"image.default\">\n\t\t\t\t<div class=\"elementor-widget-container\">\n\t\t\t\t\t\t\t\t\t\t\t\t\t\t\t<img loading=\"lazy\" decoding=\"async\" width=\"788\" height=\"968\" src=\"https:\/\/www.giga-logistics.de\/wp-content\/uploads\/home-truck-ill-v2.webp\" class=\"attachment-full size-full wp-image-7660\" alt=\"\" srcset=\"https:\/\/www.giga-logistics.de\/wp-content\/uploads\/home-truck-ill-v2.webp 788w, https:\/\/www.giga-logistics.de\/wp-content\/uploads\/home-truck-ill-v2-244x300.webp 244w, https:\/\/www.giga-logistics.de\/wp-content\/uploads\/home-truck-ill-v2-122x150.webp 122w, https:\/\/www.giga-logistics.de\/wp-content\/uploads\/home-truck-ill-v2-768x943.webp 768w\" sizes=\"auto, (max-width: 788px) 100vw, 788px\" \/>\t\t\t\t\t\t\t\t\t\t\t\t\t\t\t<\/div>\n\t\t\t\t<\/div>\n\t\t\t\t<\/div>\n\t\t\t\t\t<\/div>\n\t\t\t\t<\/div>\n\t\t<div class=\"elementor-element elementor-element-261bbc54 e-flex e-con-boxed e-con e-parent\" data-id=\"261bbc54\" data-element_type=\"container\" data-settings=\"{&quot;background_background&quot;:&quot;video&quot;,&quot;background_video_link&quot;:&quot;https:\\\/\\\/youtu.be\\\/RCpjfDRFof4&quot;,&quot;background_play_on_mobile&quot;:&quot;yes&quot;}\">\n\t\t\t\t\t<div class=\"e-con-inner\">\n\t\t<div class=\"elementor-background-video-container\" aria-hidden=\"true\">\n\t\t\t\t\t\t\t<div class=\"elementor-background-video-embed\"><\/div>\n\t\t\t\t\t\t<\/div>\t\t<div class=\"elementor-element elementor-element-db5c85c elementor-widget__width-initial dm-heading elementor-widget elementor-widget-heading\" data-id=\"db5c85c\" data-element_type=\"widget\" data-widget_type=\"heading.default\">\n\t\t\t\t<div class=\"elementor-widget-container\">\n\t\t\t\t\t<h2 class=\"elementor-heading-title elementor-size-default\">GIGA Logistics Knows No Limits!\n<\/h2>\t\t\t\t<\/div>\n\t\t\t\t<\/div>\n\t\t\t\t<div class=\"elementor-element elementor-element-2a436d5e elementor-widget-divider--view-line elementor-widget elementor-widget-divider\" data-id=\"2a436d5e\" data-element_type=\"widget\" data-widget_type=\"divider.default\">\n\t\t\t\t<div class=\"elementor-widget-container\">\n\t\t\t\t\t\t\t<div class=\"elementor-divider\">\n\t\t\t<span class=\"elementor-divider-separator\">\n\t\t\t\t\t\t<\/span>\n\t\t<\/div>\n\t\t\t\t\t\t<\/div>\n\t\t\t\t<\/div>\n\t\t\t\t<div class=\"elementor-element elementor-element-59174e39 elementor-align-left btn_readmore elementor-invisible elementor-widget elementor-widget-button\" data-id=\"59174e39\" data-element_type=\"widget\" data-settings=\"{&quot;_animation&quot;:&quot;fadeIn&quot;,&quot;_animation_delay&quot;:400}\" data-widget_type=\"button.default\">\n\t\t\t\t<div class=\"elementor-widget-container\">\n\t\t\t\t\t\t\t\t\t<div class=\"elementor-button-wrapper\">\n\t\t\t\t\t<a class=\"elementor-button elementor-button-link elementor-size-sm\" href=\"#phil\">\n\t\t\t\t\t\t<span class=\"elementor-button-content-wrapper\">\n\t\t\t\t\t\t<span class=\"elementor-button-icon\">\n\t\t\t\t<svg xmlns=\"http:\/\/www.w3.org\/2000\/svg\" id=\"Layer_1\" height=\"512\" viewBox=\"0 0 512 512\" width=\"512\"><path d=\"m417.9 259.3-298.5-158.3 85.8 158.3-85.8 158z\"><\/path><\/svg>\t\t\t<\/span>\n\t\t\t\t\t\t\t\t\t<span class=\"elementor-button-text\">Read more about our philosophy<\/span>\n\t\t\t\t\t<\/span>\n\t\t\t\t\t<\/a>\n\t\t\t\t<\/div>\n\t\t\t\t\t\t\t\t<\/div>\n\t\t\t\t<\/div>\n\t\t\t\t\t<\/div>\n\t\t\t\t<\/div>\n\t\t<div class=\"elementor-element elementor-element-4f95a84f e-flex e-con-boxed e-con e-parent\" data-id=\"4f95a84f\" data-element_type=\"container\" id=\"phil\" data-settings=\"{&quot;background_background&quot;:&quot;classic&quot;}\">\n\t\t\t\t\t<div class=\"e-con-inner\">\n\t\t<div class=\"elementor-element elementor-element-37b4eccf e-con-full e-flex e-con e-child\" data-id=\"37b4eccf\" data-element_type=\"container\">\n\t\t\t\t<div class=\"elementor-element elementor-element-19d75e1e elementor-widget__width-initial dm-heading elementor-widget elementor-widget-heading\" data-id=\"19d75e1e\" data-element_type=\"widget\" data-widget_type=\"heading.default\">\n\t\t\t\t<div class=\"elementor-widget-container\">\n\t\t\t\t\t<h2 class=\"elementor-heading-title elementor-size-default\">Our Philosophy<\/h2>\t\t\t\t<\/div>\n\t\t\t\t<\/div>\n\t\t\t\t<div class=\"elementor-element elementor-element-dd6bc86 elementor-widget-divider--view-line elementor-widget elementor-widget-divider\" data-id=\"dd6bc86\" data-element_type=\"widget\" data-widget_type=\"divider.default\">\n\t\t\t\t<div class=\"elementor-widget-container\">\n\t\t\t\t\t\t\t<div class=\"elementor-divider\">\n\t\t\t<span class=\"elementor-divider-separator\">\n\t\t\t\t\t\t<\/span>\n\t\t<\/div>\n\t\t\t\t\t\t<\/div>\n\t\t\t\t<\/div>\n\t\t\t\t<div class=\"elementor-element elementor-element-247a28c3 elementor-widget-mobile__width-inherit elementor-widget__width-initial elementor-widget elementor-widget-text-editor\" data-id=\"247a28c3\" data-element_type=\"widget\" data-widget_type=\"text-editor.default\">\n\t\t\t\t<div class=\"elementor-widget-container\">\n\t\t\t\t\t\t\t\t\t<p>GIGA Logistics is an owner-managed company that practices and lives unbureaucratic and successful operations. In an industry where every cent \u2014 and every second \u2014 counts, time has become a crucial currency. Through flexibility and solution-oriented service, we unlock untapped synergies and create a competitive advantage in time-critical situations for your daily operations. Our goal is satisfied customers! We achieve this through consistently reliable references and a sharp service portfolio. We stand out through service-oriented consulting, customer- and industry-focused support, targeted problem-solving, and comprehensive end-to-end service \u2014 from inquiry to delivery.<br>     <\/p><p><strong>We focus on continuity, not size!<br><\/strong><\/p>\t\t\t\t\t\t\t\t<\/div>\n\t\t\t\t<\/div>\n\t\t\t\t<\/div>\n\t\t<div class=\"elementor-element elementor-element-7ff9b842 e-con-full e-flex e-con e-child\" data-id=\"7ff9b842\" data-element_type=\"container\">\n\t\t\t\t<div class=\"elementor-element elementor-element-52ded4a4 reveal elementor-widget elementor-widget-image\" data-id=\"52ded4a4\" data-element_type=\"widget\" data-widget_type=\"image.default\">\n\t\t\t\t<div class=\"elementor-widget-container\">\n\t\t\t\t\t\t\t\t\t\t\t\t\t\t\t<img loading=\"lazy\" decoding=\"async\" width=\"788\" height=\"968\" src=\"https:\/\/www.giga-logistics.de\/wp-content\/uploads\/entrap-requirements-ill.webp\" class=\"attachment-full size-full wp-image-7933\" alt=\"\" srcset=\"https:\/\/www.giga-logistics.de\/wp-content\/uploads\/entrap-requirements-ill.webp 788w, https:\/\/www.giga-logistics.de\/wp-content\/uploads\/entrap-requirements-ill-244x300.webp 244w, https:\/\/www.giga-logistics.de\/wp-content\/uploads\/entrap-requirements-ill-122x150.webp 122w, https:\/\/www.giga-logistics.de\/wp-content\/uploads\/entrap-requirements-ill-768x943.webp 768w\" sizes=\"auto, (max-width: 788px) 100vw, 788px\" \/>\t\t\t\t\t\t\t\t\t\t\t\t\t\t\t<\/div>\n\t\t\t\t<\/div>\n\t\t\t\t<\/div>\n\t\t\t\t\t<\/div>\n\t\t\t\t<\/div>\n\t\t<div class=\"elementor-element elementor-element-2907ea39 e-flex e-con-boxed e-con e-parent\" data-id=\"2907ea39\" data-element_type=\"container\" data-settings=\"{&quot;background_background&quot;:&quot;classic&quot;}\">\n\t\t\t\t\t<div class=\"e-con-inner\">\n\t\t<div class=\"elementor-element elementor-element-38d1ca74 e-con-full e-flex e-con e-child\" data-id=\"38d1ca74\" data-element_type=\"container\">\n\t\t\t\t<div class=\"elementor-element elementor-element-6dac24b elementor-widget__width-initial dm-heading elementor-widget elementor-widget-heading\" data-id=\"6dac24b\" data-element_type=\"widget\" data-widget_type=\"heading.default\">\n\t\t\t\t<div class=\"elementor-widget-container\">\n\t\t\t\t\t<h2 class=\"elementor-heading-title elementor-size-default\">GIGA Logistics \u2013 Your Leading \u201cFull-Service Provider\u201d for Time-Critical Transport Since 2007<\/h2>\t\t\t\t<\/div>\n\t\t\t\t<\/div>\n\t\t\t\t<div class=\"elementor-element elementor-element-3b662986 elementor-widget-mobile__width-inherit elementor-widget__width-initial elementor-widget elementor-widget-text-editor\" data-id=\"3b662986\" data-element_type=\"widget\" data-widget_type=\"text-editor.default\">\n\t\t\t\t<div class=\"elementor-widget-container\">\n\t\t\t\t\t\t\t\t\t<p>Our highest priority is customer satisfaction. That\u2019s why we rely on consistently reliable references and a broad range of services that leave nothing to be desired. Through service-oriented consulting, customer- and industry-focused support, and goal-oriented problem-solving, we accompany you from the first inquiry to successful delivery.<br>  <\/p>\n<p>As a proud owner-managed company, we embody the values of reliability and success in every action. With GIGA Logistics, you have a strong and trustworthy partner by your side, fulfilling your logistics needs with the utmost care and professionalism. We look forward to providing tailored solutions for your transport requirements. Contact us today and experience first-class logistics services!<br> <br> <br>   <\/p>\t\t\t\t\t\t\t\t<\/div>\n\t\t\t\t<\/div>\n\t\t\t\t<div class=\"elementor-element elementor-element-204dbab2 elementor-align-left btn_readmore elementor-invisible elementor-widget elementor-widget-button\" data-id=\"204dbab2\" data-element_type=\"widget\" data-settings=\"{&quot;_animation&quot;:&quot;fadeIn&quot;,&quot;_animation_delay&quot;:400}\" data-widget_type=\"button.default\">\n\t\t\t\t<div class=\"elementor-widget-container\">\n\t\t\t\t\t\t\t\t\t<div class=\"elementor-button-wrapper\">\n\t\t\t\t\t<a class=\"elementor-button elementor-button-link elementor-size-sm\" href=\"https:\/\/www.giga-logistics.de\/wp-content\/uploads\/Broschure_Deutsch_WEB_10_2025.pdf\">\n\t\t\t\t\t\t<span class=\"elementor-button-content-wrapper\">\n\t\t\t\t\t\t<span class=\"elementor-button-icon\">\n\t\t\t\t<svg xmlns=\"http:\/\/www.w3.org\/2000\/svg\" id=\"Layer_1\" height=\"512\" viewBox=\"0 0 512 512\" width=\"512\"><path d=\"m417.9 259.3-298.5-158.3 85.8 158.3-85.8 158z\"><\/path><\/svg>\t\t\t<\/span>\n\t\t\t\t\t\t\t\t\t<span class=\"elementor-button-text\">See Our Portfolio<\/span>\n\t\t\t\t\t<\/span>\n\t\t\t\t\t<\/a>\n\t\t\t\t<\/div>\n\t\t\t\t\t\t\t\t<\/div>\n\t\t\t\t<\/div>\n\t\t\t\t<\/div>\n\t\t\t\t\t<\/div>\n\t\t\t\t<\/div>\n\t\t\t\t<\/div>\n\t\t","protected":false},"excerpt":{"rendered":"<p>Philosophy Since 2007, GIGA Logistics GmbH has positioned itself as a \u201cfull-service provider\u201d for time-critical transport. From letters to full tractor-trailer loads, your shipment is delivered promptly, efficiently, and safely to the desired destination using our own fleet. Focus on Personal Service &amp; Reliability As a medium-sized, owner-managed company, we adapt flexibly to the needs [&hellip;]<\/p>\n","protected":false},"author":4,"featured_media":0,"parent":0,"menu_order":0,"comment_status":"closed","ping_status":"closed","template":"elementor_header_footer","meta":{"footnotes":""},"class_list":["post-7934","page","type-page","status-publish","hentry"],"yoast_head":"<!-- This site is optimized with the Yoast SEO plugin v27.4 - https:\/\/yoast.com\/product\/yoast-seo-wordpress\/ -->\n<title>Unsere Philosophy - GIGA Logistics GmbH<\/title>\n<meta name=\"description\" content=\"Wir verstehen uns als \u201cAllround-Dienstleister\u201d f\u00fcr zeitsensible Transporte. Wir setzen auf Kontinuit\u00e4t, nicht auf Gr\u00f6\u00dfe!\" \/>\n<meta name=\"robots\" content=\"index, follow, max-snippet:-1, max-image-preview:large, max-video-preview:-1\" \/>\n<link rel=\"canonical\" href=\"https:\/\/www.giga-logistics.de\/en\/philosophy\/\" \/>\n<meta property=\"og:locale\" content=\"en_US\" \/>\n<meta property=\"og:type\" content=\"article\" \/>\n<meta property=\"og:title\" content=\"Unsere Philosophy - GIGA Logistics GmbH\" \/>\n<meta property=\"og:description\" content=\"Wir verstehen uns als \u201cAllround-Dienstleister\u201d f\u00fcr zeitsensible Transporte. Wir setzen auf Kontinuit\u00e4t, nicht auf Gr\u00f6\u00dfe!\" \/>\n<meta property=\"og:url\" content=\"https:\/\/www.giga-logistics.de\/en\/philosophy\/\" \/>\n<meta property=\"og:site_name\" content=\"GIGA Logistics GmbH\" \/>\n<meta property=\"article:publisher\" content=\"https:\/\/www.facebook.com\/GIGALogistics\/\" \/>\n<meta property=\"article:modified_time\" content=\"2025-10-21T10:41:38+00:00\" \/>\n<meta property=\"og:image\" content=\"https:\/\/www.giga-logistics.de\/wp-content\/uploads\/home-truck-ill-v2.webp\" \/>\n\t<meta property=\"og:image:width\" content=\"788\" \/>\n\t<meta property=\"og:image:height\" content=\"968\" \/>\n\t<meta property=\"og:image:type\" content=\"image\/webp\" \/>\n<meta name=\"twitter:card\" content=\"summary_large_image\" \/>\n<meta name=\"twitter:label1\" content=\"Est. reading time\" \/>\n\t<meta name=\"twitter:data1\" content=\"2 minutes\" \/>\n<script type=\"application\/ld+json\" class=\"yoast-schema-graph\">{\"@context\":\"https:\\\/\\\/schema.org\",\"@graph\":[{\"@type\":\"WebPage\",\"@id\":\"https:\\\/\\\/www.giga-logistics.de\\\/en\\\/philosophy\\\/\",\"url\":\"https:\\\/\\\/www.giga-logistics.de\\\/en\\\/philosophy\\\/\",\"name\":\"Unsere Philosophy - GIGA Logistics GmbH\",\"isPartOf\":{\"@id\":\"https:\\\/\\\/www.giga-logistics.de\\\/en\\\/#website\"},\"primaryImageOfPage\":{\"@id\":\"https:\\\/\\\/www.giga-logistics.de\\\/en\\\/philosophy\\\/#primaryimage\"},\"image\":{\"@id\":\"https:\\\/\\\/www.giga-logistics.de\\\/en\\\/philosophy\\\/#primaryimage\"},\"thumbnailUrl\":\"https:\\\/\\\/www.giga-logistics.de\\\/wp-content\\\/uploads\\\/home-truck-ill-v2.webp\",\"datePublished\":\"2021-07-09T10:48:35+00:00\",\"dateModified\":\"2025-10-21T10:41:38+00:00\",\"description\":\"Wir verstehen uns als \u201cAllround-Dienstleister\u201d f\u00fcr zeitsensible Transporte. Wir setzen auf Kontinuit\u00e4t, nicht auf Gr\u00f6\u00dfe!\",\"breadcrumb\":{\"@id\":\"https:\\\/\\\/www.giga-logistics.de\\\/en\\\/philosophy\\\/#breadcrumb\"},\"inLanguage\":\"en-US\",\"potentialAction\":[{\"@type\":\"ReadAction\",\"target\":[\"https:\\\/\\\/www.giga-logistics.de\\\/en\\\/philosophy\\\/\"]}]},{\"@type\":\"ImageObject\",\"inLanguage\":\"en-US\",\"@id\":\"https:\\\/\\\/www.giga-logistics.de\\\/en\\\/philosophy\\\/#primaryimage\",\"url\":\"https:\\\/\\\/www.giga-logistics.de\\\/wp-content\\\/uploads\\\/home-truck-ill-v2.webp\",\"contentUrl\":\"https:\\\/\\\/www.giga-logistics.de\\\/wp-content\\\/uploads\\\/home-truck-ill-v2.webp\"},{\"@type\":\"BreadcrumbList\",\"@id\":\"https:\\\/\\\/www.giga-logistics.de\\\/en\\\/philosophy\\\/#breadcrumb\",\"itemListElement\":[{\"@type\":\"ListItem\",\"position\":1,\"name\":\"Home\",\"item\":\"https:\\\/\\\/www.giga-logistics.de\\\/en\\\/\"},{\"@type\":\"ListItem\",\"position\":2,\"name\":\"Philosophy\"}]},{\"@type\":\"WebSite\",\"@id\":\"https:\\\/\\\/www.giga-logistics.de\\\/en\\\/#website\",\"url\":\"https:\\\/\\\/www.giga-logistics.de\\\/en\\\/\",\"name\":\"GIGA Logistics GmbH\",\"description\":\"Weltweit | Zuverl\u00e4ssig | Startbereit\",\"publisher\":{\"@id\":\"https:\\\/\\\/www.giga-logistics.de\\\/en\\\/#organization\"},\"potentialAction\":[{\"@type\":\"SearchAction\",\"target\":{\"@type\":\"EntryPoint\",\"urlTemplate\":\"https:\\\/\\\/www.giga-logistics.de\\\/en\\\/?s={search_term_string}\"},\"query-input\":{\"@type\":\"PropertyValueSpecification\",\"valueRequired\":true,\"valueName\":\"search_term_string\"}}],\"inLanguage\":\"en-US\"},{\"@type\":\"Organization\",\"@id\":\"https:\\\/\\\/www.giga-logistics.de\\\/en\\\/#organization\",\"name\":\"GIGA Logistics GmbH\",\"url\":\"https:\\\/\\\/www.giga-logistics.de\\\/en\\\/\",\"logo\":{\"@type\":\"ImageObject\",\"inLanguage\":\"en-US\",\"@id\":\"https:\\\/\\\/www.giga-logistics.de\\\/en\\\/#\\\/schema\\\/logo\\\/image\\\/\",\"url\":\"https:\\\/\\\/www.giga-logistics.de\\\/wp-content\\\/uploads\\\/2020\\\/01\\\/Logo_neu_schwarz-01.png\",\"contentUrl\":\"https:\\\/\\\/www.giga-logistics.de\\\/wp-content\\\/uploads\\\/2020\\\/01\\\/Logo_neu_schwarz-01.png\",\"width\":4975,\"height\":1003,\"caption\":\"GIGA Logistics GmbH\"},\"image\":{\"@id\":\"https:\\\/\\\/www.giga-logistics.de\\\/en\\\/#\\\/schema\\\/logo\\\/image\\\/\"},\"sameAs\":[\"https:\\\/\\\/www.facebook.com\\\/GIGALogistics\\\/\",\"https:\\\/\\\/www.instagram.com\\\/gigalogistics\\\/\"]}]}<\/script>\n<!-- \/ Yoast SEO plugin. -->","yoast_head_json":{"title":"Unsere Philosophy - GIGA Logistics GmbH","description":"Wir verstehen uns als \u201cAllround-Dienstleister\u201d f\u00fcr zeitsensible Transporte. Wir setzen auf Kontinuit\u00e4t, nicht auf Gr\u00f6\u00dfe!","robots":{"index":"index","follow":"follow","max-snippet":"max-snippet:-1","max-image-preview":"max-image-preview:large","max-video-preview":"max-video-preview:-1"},"canonical":"https:\/\/www.giga-logistics.de\/en\/philosophy\/","og_locale":"en_US","og_type":"article","og_title":"Unsere Philosophy - GIGA Logistics GmbH","og_description":"Wir verstehen uns als \u201cAllround-Dienstleister\u201d f\u00fcr zeitsensible Transporte. Wir setzen auf Kontinuit\u00e4t, nicht auf Gr\u00f6\u00dfe!","og_url":"https:\/\/www.giga-logistics.de\/en\/philosophy\/","og_site_name":"GIGA Logistics GmbH","article_publisher":"https:\/\/www.facebook.com\/GIGALogistics\/","article_modified_time":"2025-10-21T10:41:38+00:00","og_image":[{"width":788,"height":968,"url":"https:\/\/www.giga-logistics.de\/wp-content\/uploads\/home-truck-ill-v2.webp","type":"image\/webp"}],"twitter_card":"summary_large_image","twitter_misc":{"Est. reading time":"2 minutes"},"schema":{"@context":"https:\/\/schema.org","@graph":[{"@type":"WebPage","@id":"https:\/\/www.giga-logistics.de\/en\/philosophy\/","url":"https:\/\/www.giga-logistics.de\/en\/philosophy\/","name":"Unsere Philosophy - GIGA Logistics GmbH","isPartOf":{"@id":"https:\/\/www.giga-logistics.de\/en\/#website"},"primaryImageOfPage":{"@id":"https:\/\/www.giga-logistics.de\/en\/philosophy\/#primaryimage"},"image":{"@id":"https:\/\/www.giga-logistics.de\/en\/philosophy\/#primaryimage"},"thumbnailUrl":"https:\/\/www.giga-logistics.de\/wp-content\/uploads\/home-truck-ill-v2.webp","datePublished":"2021-07-09T10:48:35+00:00","dateModified":"2025-10-21T10:41:38+00:00","description":"Wir verstehen uns als \u201cAllround-Dienstleister\u201d f\u00fcr zeitsensible Transporte. Wir setzen auf Kontinuit\u00e4t, nicht auf Gr\u00f6\u00dfe!","breadcrumb":{"@id":"https:\/\/www.giga-logistics.de\/en\/philosophy\/#breadcrumb"},"inLanguage":"en-US","potentialAction":[{"@type":"ReadAction","target":["https:\/\/www.giga-logistics.de\/en\/philosophy\/"]}]},{"@type":"ImageObject","inLanguage":"en-US","@id":"https:\/\/www.giga-logistics.de\/en\/philosophy\/#primaryimage","url":"https:\/\/www.giga-logistics.de\/wp-content\/uploads\/home-truck-ill-v2.webp","contentUrl":"https:\/\/www.giga-logistics.de\/wp-content\/uploads\/home-truck-ill-v2.webp"},{"@type":"BreadcrumbList","@id":"https:\/\/www.giga-logistics.de\/en\/philosophy\/#breadcrumb","itemListElement":[{"@type":"ListItem","position":1,"name":"Home","item":"https:\/\/www.giga-logistics.de\/en\/"},{"@type":"ListItem","position":2,"name":"Philosophy"}]},{"@type":"WebSite","@id":"https:\/\/www.giga-logistics.de\/en\/#website","url":"https:\/\/www.giga-logistics.de\/en\/","name":"GIGA Logistics GmbH","description":"Weltweit | Zuverl\u00e4ssig | Startbereit","publisher":{"@id":"https:\/\/www.giga-logistics.de\/en\/#organization"},"potentialAction":[{"@type":"SearchAction","target":{"@type":"EntryPoint","urlTemplate":"https:\/\/www.giga-logistics.de\/en\/?s={search_term_string}"},"query-input":{"@type":"PropertyValueSpecification","valueRequired":true,"valueName":"search_term_string"}}],"inLanguage":"en-US"},{"@type":"Organization","@id":"https:\/\/www.giga-logistics.de\/en\/#organization","name":"GIGA Logistics GmbH","url":"https:\/\/www.giga-logistics.de\/en\/","logo":{"@type":"ImageObject","inLanguage":"en-US","@id":"https:\/\/www.giga-logistics.de\/en\/#\/schema\/logo\/image\/","url":"https:\/\/www.giga-logistics.de\/wp-content\/uploads\/2020\/01\/Logo_neu_schwarz-01.png","contentUrl":"https:\/\/www.giga-logistics.de\/wp-content\/uploads\/2020\/01\/Logo_neu_schwarz-01.png","width":4975,"height":1003,"caption":"GIGA Logistics GmbH"},"image":{"@id":"https:\/\/www.giga-logistics.de\/en\/#\/schema\/logo\/image\/"},"sameAs":["https:\/\/www.facebook.com\/GIGALogistics\/","https:\/\/www.instagram.com\/gigalogistics\/"]}]}},"_links":{"self":[{"href":"https:\/\/www.giga-logistics.de\/en\/wp-json\/wp\/v2\/pages\/7934","targetHints":{"allow":["GET"]}}],"collection":[{"href":"https:\/\/www.giga-logistics.de\/en\/wp-json\/wp\/v2\/pages"}],"about":[{"href":"https:\/\/www.giga-logistics.de\/en\/wp-json\/wp\/v2\/types\/page"}],"author":[{"embeddable":true,"href":"https:\/\/www.giga-logistics.de\/en\/wp-json\/wp\/v2\/users\/4"}],"replies":[{"embeddable":true,"href":"https:\/\/www.giga-logistics.de\/en\/wp-json\/wp\/v2\/comments?post=7934"}],"version-history":[{"count":3,"href":"https:\/\/www.giga-logistics.de\/en\/wp-json\/wp\/v2\/pages\/7934\/revisions"}],"predecessor-version":[{"id":7942,"href":"https:\/\/www.giga-logistics.de\/en\/wp-json\/wp\/v2\/pages\/7934\/revisions\/7942"}],"wp:attachment":[{"href":"https:\/\/www.giga-logistics.de\/en\/wp-json\/wp\/v2\/media?parent=7934"}],"curies":[{"name":"wp","href":"https:\/\/api.w.org\/{rel}","templated":true}]}}